{"id":75,"date":"2016-08-13T23:45:19","date_gmt":"2016-08-13T21:45:19","guid":{"rendered":"http:\/\/www.hwf-straubing.de\/?page_id=75"},"modified":"2024-07-20T20:56:06","modified_gmt":"2024-07-20T18:56:06","slug":"kontakt","status":"publish","type":"page","link":"https:\/\/www.brigitte-pohlmann.de\/index.php\/kontakt\/","title":{"rendered":"Kontakt"},"content":{"rendered":"<p><a href=\"http:\/\/www.brigitte-pohlmann.de\/wp-content\/uploads\/2016\/08\/Brigitte-Pohlmann-5.jpg\" rel=\"wpdevart_lightbox\"><img loading=\"lazy\" decoding=\"async\" class=\"alignleft wp-image-77 size-thumbnail\" src=\"http:\/\/www.brigitte-pohlmann.de\/wp-content\/uploads\/2016\/08\/Brigitte-Pohlmann-5-150x150.jpg\" alt=\"Brigitte Pohlmann-5\" width=\"150\" height=\"150\" \/><\/a>F\u00fcr einen ersten Kontakt rufen Sie am besten zuerst einmal bei mir an:<br \/>\n<strong>Tel. 09964 \/ 894 30 20<\/strong><br \/>\nDann k\u00f6nnen wir \u00fcber Ihren konkreten<br \/>\nBedarf sprechen und Details abstimmen.<\/p>\n<p>Ich freue mich auf Ihren Anruf:<br \/>\nMo &#8211; Sa. 8:00 Uhr bis 18:00 Uhr<\/p>\n<p>Institutionskennzeichen IK-Nr. 460922539<\/p>\n<p><strong>Haushalts- und Familienhilfe<\/strong><\/p>\n<p>Brigitte Pohlmann<\/p>\n<p>Am Kalten B\u00fchl 18<\/p>\n<p>94359 Loitzendorf<\/p>\n<p>Tel. 09964 \/ 894 30 20<\/p>\n<p>Email: <a href=\"mailto:brigitte.pohlmann@gmx.de\">brigitte.pohlmann@gmx.de<\/a><\/p>\n<p>Website: <a href=\"http:\/\/www.brigitte-pohlmann.de\">www.brigitte-pohlmann.de<\/a><em><br \/>\n<\/em><\/p>\n<p><em>(Eine weitere Website von <a href=\"https:\/\/www.poolstudio1.de\/\">poolstudio1.de<\/a> in Vaterstetten.)<\/em><\/p>\n<hr \/>\n<h1>Impressum<\/h1>\n<p>Verantwortlich f\u00fcr den Inhalt dieser Webseite:<br \/>\nHaushalts- und Familienhilfe Brigitte Pohlmann, Am Kalten B\u00fchl 18, 94359 Loitzendorf<\/p>\n<p>Haftungsausschluss<\/p>\n<p>1. Inhalt des Onlineangebotes<br \/>\nDer Autor \u00fcbernimmt keinerlei Gew\u00e4hr f\u00fcr die Aktualit\u00e4t, Korrektheit, Vollst\u00e4ndigkeit oder Qualit\u00e4t der bereitgestellten Informationen. Haftungsanspr\u00fcche gegen den Autor, welche sich auf Sch\u00e4den materieller oder ideeller Art beziehen, die durch die Nutzung oder Nichtnutzung der dargebotenen Informationen bzw. durch die Nutzung fehlerhafter und unvollst\u00e4ndiger Informationen verursacht wurden, sind grunds\u00e4tzlich ausgeschlossen, sofern seitens des Autors kein nachweislich vors\u00e4tzliches oder grob fahrl\u00e4ssiges Verschulden vorliegt.<br \/>\nAlle Angebote sind freibleibend und unverbindlich. Der Autor beh\u00e4lt es sich ausdr\u00fccklich vor, Teile der Seiten oder das gesamte Angebot ohne gesonderte Ank\u00fcndigung zu ver\u00e4ndern, zu erg\u00e4nzen, zu l\u00f6schen oder die Ver\u00f6ffentlichung zeitweise oder endg\u00fcltig einzustellen.<\/p>\n<p>2. Verweise und Links<br \/>\nBei direkten oder indirekten Verweisen auf fremde Webseiten (Hyperlinks), die au\u00dferhalb des Verantwortungsbereiches des Autors liegen, w\u00fcrde eine Haftungsverpflichtung ausschlie\u00dflich in dem Fall in Kraft treten, in dem der Autor von den Inhalten Kenntnis hat und es ihm technisch m\u00f6glich und zumutbar w\u00e4re, die Nutzung im Falle rechtswidriger Inhalte zu verhindern.<br \/>\nDer Autor erkl\u00e4rt hiermit ausdr\u00fccklich, dass zum Zeitpunkt der Linksetzung keine illegalen Inhalte auf den zu verlinkenden Seiten erkennbar waren. Auf die aktuelle und zuk\u00fcnftige Gestaltung, die Inhalte oder die Urheberschaft der verlinkten\/verkn\u00fcpften Seiten hat der Autor keinerlei Einfluss. Deshalb distanziert er sich hiermit ausdr\u00fccklich von allen Inhalten aller verlinkten \/verkn\u00fcpften Seiten, die nach der Linksetzung ver\u00e4ndert wurden. Diese Feststellung gilt f\u00fcr alle innerhalb des eigenen Internetangebotes gesetzten Links und Verweise sowie f\u00fcr Fremdeintr\u00e4ge in vom Autor eingerichteten G\u00e4steb\u00fcchern, Diskussionsforen, Linkverzeichnissen, Mailinglisten und in allen anderen Formen von Datenbanken, auf deren Inhalt externe Schreibzugriffe m\u00f6glich sind. F\u00fcr illegale, fehlerhafte oder unvollst\u00e4ndige Inhalte und insbesondere f\u00fcr Sch\u00e4den, die aus der Nutzung oder Nichtnutzung solcherart dargebotener Informationen entstehen, haftet allein der Anbieter der Seite, auf welche verwiesen wurde, nicht derjenige, der \u00fcber Links auf die jeweilige Ver\u00f6ffentlichung lediglich verweist.<\/p>\n<p>3. Urheber- und Kennzeichenrecht<br \/>\nDer Autor ist bestrebt, in allen Publikationen die Urheberrechte der verwendeten Grafiken, Tondokumente, Videosequenzen und Texte zu beachten, von ihm selbst erstellte Grafiken, Tondokumente, Videosequenzen und Texte zu nutzen oder auf lizenzfreie Grafiken, Tondokumente, Videosequenzen und Texte zur\u00fcckzugreifen.<br \/>\nAlle innerhalb des Internetangebotes genannten und ggf. durch Dritte gesch\u00fctzten Marken- und Warenzeichen unterliegen uneingeschr\u00e4nkt den Bestimmungen des jeweils g\u00fcltigen Kennzeichenrechts und den Besitzrechten der jeweiligen eingetragenen Eigent\u00fcmer. Allein aufgrund der blo\u00dfen Nennung ist nicht der Schluss zu ziehen, dass Markenzeichen nicht durch Rechte Dritter gesch\u00fctzt sind!<br \/>\nDas Copyright f\u00fcr ver\u00f6ffentlichte, vom Autor selbst erstellte Objekte bleibt allein beim Autor der Seiten. Eine Vervielf\u00e4ltigung oder Verwendung solcher Grafiken, Tondokumente, Videosequenzen und Texte in anderen elektronischen oder gedruckten Publikationen ist ohne ausdr\u00fcckliche Zustimmung des Autors nicht gestattet.<\/p>\n<p>4. Datenschutz<br \/>\nSofern innerhalb des Internetangebotes die M\u00f6glichkeit zur Eingabe pers\u00f6nlicher oder gesch\u00e4ftlicher Daten (Emailadressen, Namen, Anschriften) besteht, so erfolgt die Preisgabe dieser Daten seitens des Nutzers auf ausdr\u00fccklich freiwilliger Basis. Die Inanspruchnahme und Bezahlung aller angebotenen Dienste ist &#8211; soweit technisch m\u00f6glich und zumutbar &#8211; auch ohne Angabe solcher Daten bzw. unter Angabe anonymisierter Daten oder eines Pseudonyms gestattet. Die Nutzung der im Rahmen des Impressums oder vergleichbarer Angaben ver\u00f6ffentlichten Kontaktdaten wie Postanschriften, Telefon- und Faxnummern sowie Emailadressen durch Dritte zur \u00dcbersendung von nicht ausdr\u00fccklich angeforderten Informationen ist nicht gestattet. Rechtliche Schritte gegen die Versender von sogenannten Spam-Mails bei Verst\u00f6ssen gegen dieses Verbot sind ausdr\u00fccklich vorbehalten.<\/p>\n<p>5. Rechtswirksamkeit dieses Haftungsausschlusses<br \/>\nDieser Haftungsausschluss ist als Teil des Internetangebotes zu betrachten, von dem aus auf diese Seite verwiesen wurde. Sofern Teile oder einzelne Formulierungen dieses Textes der geltenden Rechtslage nicht, nicht mehr oder nicht vollst\u00e4ndig entsprechen sollten, bleiben die \u00fcbrigen Teile des Dokumentes in ihrem Inhalt und ihrer G\u00fcltigkeit davon unber\u00fchrt.<\/p>\n<hr \/>\n<h1>Unsere AGB<\/h1>\n<p>Allgemeine Arbeits- und Gesch\u00e4ftsbedingungen (AGB)<\/p>\n<p>Damit ich meine T\u00e4tigkeit zu Ihrer vollen Zufriedenheit ausu\u0308ben kann, bitte ich Sie die folgenden<br \/>\nallgemeinen Arbeits- und Gesch\u00e4ftsbedingungen durchzulesen und zu unterschreiben.<br \/>\nZun\u00e4chst folgender Hinweis: Ich u\u0308bernehme keinerlei Pflegema\u00dfnahmen, da ich als Haushaltshilfe fu\u0308r<br \/>\ndie hauswirtschaftliche Grundversorgung zust\u00e4ndig bin.<br \/>\nZu den Aufgaben der Haushaltshilfe z\u00e4hlt auch die Betreuung und Beaufsichtigung minderj\u00e4hriger<br \/>\nKinder. Dies gilt jedoch nur, soweit sich die Kinder innerhalb Ihres Haushalts bzw. Grundstu\u0308ckes<br \/>\nbewegen.<br \/>\nFu\u0308r Sch\u00e4den, die au\u00dferhalb des Grundstu\u0308ckes infolge einer unterlassenen Beaufsichtigung entstehen,<br \/>\nu\u0308bernehme ich keine Haftung. Bitte kl\u00e4ren Sie daher vorab mit Ihren Kindern und mir als Haushaltshilfe<br \/>\ngemeinsam ab, inwieweit den Kindern das Verlassen des Haushaltes bzw. des Grundstu\u0308ckes auf Ihre<br \/>\nVerantwortung erlaubt sein soll!<br \/>\nBitte kl\u00e4ren Sie mit Ihren Kindern ab, dass Sie im Falle einer Beaufsichtigung durch die Haushaltshilfe<br \/>\ndieser stets Folge zu leisten haben!<br \/>\nFu\u0308r Sachsch\u00e4den innerhalb des Haushalts wird nicht gehaftet. Ebenso ist die Haushaltshilfe nicht<br \/>\nhaftbar fu\u0308r Sachsch\u00e4den, die auf Grund von einfacher Fahrl\u00e4ssigkeit entstehen.<br \/>\nDie Haushaltshilfe ist nicht verpflichtet, eine Insassenunfallversicherung abzuschlie\u00dfen. Die Bef\u00f6rderung<br \/>\nvon Haushaltsmitgliedern durch die Haushaltshilfe erfolgt daher unter Haftungsausschluss auf eigenes<br \/>\nRisiko des Haushaltsmitgliedes. Eltern haften hier fu\u0308r die Kinder in jedem Fall!<br \/>\nBitte teilen Sie mir unverzu\u0308glich mit, falls es in Ihrem Haushalt ansteckende Krankheiten gibt.<br \/>\nEventuell anfallende Fahrtkosten (Arzt, Einkauf, Kindergarten etc.) mit eigenem PKW rechne ich als<br \/>\nHaushaltshilfe direkt mit Ihnen ab. Die An- und Abfahrt wird von den Krankenkassen vergu\u0308tet.<br \/>\nEine Kostenu\u0308bernahme fu\u0308r mich als Haushaltshilfe durch die Krankenkasse erfolgt nur auf Antrag und<br \/>\nGenehmigung der zust\u00e4ndigen Krankenkasse oder eines anderen Kostentr\u00e4gers.<br \/>\nEine Genehmigung wird nur dann erteilt, wenn die Versorgung des Haushalts von keiner anderen im<br \/>\nHaus lebenden Person erbracht werden kann. Ist zum Beispiel ein anderes erwachsenes Mitglied des<br \/>\nHaushalts urlaubsbedingt anwesend, so werden die Kosten fu\u0308r die Haushaltshilfe von den Kassen nicht<br \/>\nu\u0308bernommen.<br \/>\nGrunds\u00e4tzlich darf die Haushaltshilfe nur innerhalb des Genehmigungszeitraumes und der t\u00e4glichen<br \/>\nStundenanzahl abgeleistet werden. Zum Arbeitsbeginn muss die Genehmigung schriftlich vorliegen.<br \/>\nAls Haushaltshilfe wurde ich bzw. meine Kollegin jeweils bis Ende eines Genehmigungszeitraumes zum<br \/>\nEinsatz bestellt. Eine vorzeitige Beendigung des Einsatzes kann nur im beiderseitigen Einvernehmen<br \/>\nerfolgen, ansonsten hat der oder die Versicherte die Ausfallkosten privat zu tragen.<br \/>\nGeplante Termine sind mindestens 24 Stunden vorher, in unserem Bu\u0308ro abzusagen!<br \/>\nDas direkte Abwerben der Haushaltshilfe durch die Versicherten fu\u0308r eigene Zwecke ist verboten. Bei<br \/>\nZuwiderhandlung ist eine Zahlung von 5.000,00 Euro an die Haushalts- und Familienhilfe f\u00e4llig.<\/p>\n<p>Im Falle einer Erkrankung der 2. erziehungsberechtigten Person bitte ich Sie, ein \u00e4rztliches Attest<br \/>\nzu beizubringen, dass auch diese nicht in der Lage ist, den Haushalt weiterzufu\u0308hren, um es dem<br \/>\nKostentr\u00e4ger vorzulegen.<br \/>\nSollte eine andere erwachsene Person krankheitsbedingt im Haushalt anwesend sein, ist keine<br \/>\nAbrechnung gegenu\u0308ber der Krankenkasse\/ dem Kostentr\u00e4ger m\u00f6glich. Ausnahme: ein \u00e4rztliches<br \/>\nAttest liegt vor. Ansonsten mu\u0308ssen die Kosten von Ihnen selbst getragen werden.<br \/>\nAls Haushaltshilfe bin ich verpflichtet, die Krankenkasse unverzu\u0308glich zu informieren, falls<br \/>\nUmst\u00e4nde eintreten, die den Rechtsanspruch auf eine Haushaltshilfe entfallen lassen!<br \/>\nUm eine rechtzeitige und ordnungsgem\u00e4\u00dfe Abrechnung mit den Krankenkassen zu erm\u00f6glichen,<br \/>\nbitte ich Sie, gemeinsam mit mir als Haushaltshilfe eine Stundenabrechnung zu erstellen und<br \/>\ndiese zu unterschreiben. Bitte beachten Sie, dass diese Stundenabrechnung Voraussetzung<br \/>\nfu\u0308r eine Vergu\u0308tung durch die Krankenkassen \/des Kostentr\u00e4gers ist. Nachtr\u00e4glich ge\u00e4nderte bzw.<br \/>\nkorrigierte Ablaufberichte werden von den Krankenkassen nicht akzeptiert.<br \/>\nIm Falle einer unvollst\u00e4ndigen, wahrheitswidrigen oder unterlassenen Stundenabrechnung<br \/>\nmu\u0308ssen die Kosten des Einsatzes von Ihnen selbst getragen werden!<br \/>\nZu den Aufgaben der Haushaltshilfe im Rahmen eines von der Krankenkasse \/ sonstigen<br \/>\nKostentr\u00e4gers genehmigten Einsatzes z\u00e4hlen Dienstleistungen, die zur Weiterfu\u0308hrung<br \/>\ndes Haushaltes zwingend notwendig sind. Dazu verweise ich auf die Infos zu den Inhalten<br \/>\nbetreffend einer Haushaltshilfe gem\u00e4\u00df \u00a7 38 SGB V.<br \/>\nIch bin verpflichtet, die Leistungen als Haushaltshilfe sorgf\u00e4ltig, einwandfrei und im Rahmen<br \/>\ndes Notwendigen zu erbringen. Die geleisteten Arbeitsstunden sind t\u00e4glich vom Versicherten<br \/>\nbzw. dem Auftraggeber auf unserem Ablaufbericht stundengenau zu unterschreiben.<br \/>\nEs du\u0308rfen nur volle Stunden auf dem Ablaufbericht notiert werden, auch wenn die letzte Stunde<br \/>\nnicht ganz genutzt wurde.<br \/>\nJeder Ablaufbericht und die vom Auftraggeber unterschrieben Arbeitsstunden entsprechen<br \/>\neiner verbindlichen Auftrags- bzw. Einsatzbest\u00e4tigung.<br \/>\nDie Arbeitszeit betr\u00e4gt t\u00e4glich mindestens 3 bzw. maximal 8 Stunden. Bei l\u00e4ngerer Arbeitszeit<br \/>\nvon mehr als 4 Stunden macht die Haushaltshilfe ein bezahlte Pause von 15 min.!<br \/>\nAllgemeine T\u00e4tigkeiten, wie zum Beispiel Fru\u0308hjahrsputz, Dachgeschoss und Keller st\u00f6bern,<br \/>\nFensterputzen etc. du\u0308rfen grunds\u00e4tzlich nicht im Rahmen der von der Kostentr\u00e4gern<br \/>\ngenehmigten Haushaltshilfe erbracht werden, sondern mu\u0308ssen ggf. gesondert von<br \/>\nIhnen beauftragt und bezahlt werden.<br \/>\nSollte aus welchem Grund auch immer, kein Tr\u00e4ger (Ersatzkassen) des Auftragsgebers die Kosten<br \/>\nder Haushaltshilfe u\u0308bernehmen, werden dem Auftraggeber bzw. dem Versicherten diese Kosten<br \/>\nprivat in Rechnung gestellt.<br \/>\nMit dem Erhalt und der Annahme dieser AGB zeigt sich der Auftraggeber bzw. Versicherte mit<br \/>\nden allgemeinen Bedingungen einverstanden.<br \/>\nHaushalts- und Familienhilfe Straubing<br \/>\nBrigitte Pohlmann<br \/>\nStaatl. gepru\u0308fte Hauswirtschafterin<br \/>\n(AGB Stand 01.01.2024)<\/p>\n","protected":false},"excerpt":{"rendered":"<p>F\u00fcr einen ersten Kontakt rufen Sie am besten zuerst einmal bei mir an: Tel. 09964 \/ 894 30 20 Dann k\u00f6nnen wir \u00fcber Ihren konkreten Bedarf sprechen und Details abstimmen. Ich freue mich auf Ihren Anruf: Mo &#8211; Sa. 8:00 <a class=\"more-link\" href=\"https:\/\/www.brigitte-pohlmann.de\/index.php\/kontakt\/\">weiterlesen&#8230;<\/a><\/p>\n","protected":false},"author":1,"featured_media":0,"parent":0,"menu_order":6,"comment_status":"closed","ping_status":"closed","template":"","meta":{"footnotes":""},"class_list":["post-75","page","type-page","status-publish","hentry"],"_links":{"self":[{"href":"https:\/\/www.brigitte-pohlmann.de\/index.php\/wp-json\/wp\/v2\/pages\/75","targetHints":{"allow":["GET"]}}],"collection":[{"href":"https:\/\/www.brigitte-pohlmann.de\/index.php\/wp-json\/wp\/v2\/pages"}],"about":[{"href":"https:\/\/www.brigitte-pohlmann.de\/index.php\/wp-json\/wp\/v2\/types\/page"}],"author":[{"embeddable":true,"href":"https:\/\/www.brigitte-pohlmann.de\/index.php\/wp-json\/wp\/v2\/users\/1"}],"replies":[{"embeddable":true,"href":"https:\/\/www.brigitte-pohlmann.de\/index.php\/wp-json\/wp\/v2\/comments?post=75"}],"version-history":[{"count":25,"href":"https:\/\/www.brigitte-pohlmann.de\/index.php\/wp-json\/wp\/v2\/pages\/75\/revisions"}],"predecessor-version":[{"id":279,"href":"https:\/\/www.brigitte-pohlmann.de\/index.php\/wp-json\/wp\/v2\/pages\/75\/revisions\/279"}],"wp:attachment":[{"href":"https:\/\/www.brigitte-pohlmann.de\/index.php\/wp-json\/wp\/v2\/media?parent=75"}],"curies":[{"name":"wp","href":"https:\/\/api.w.org\/{rel}","templated":true}]}}